{"id":28244,"date":"2020-11-15T18:03:47","date_gmt":"2020-11-15T18:03:47","guid":{"rendered":"https:\/\/schwaiger.es\/equipo\/"},"modified":"2025-09-17T08:38:14","modified_gmt":"2025-09-17T08:38:14","slug":"ueber-uns","status":"publish","type":"page","link":"https:\/\/schwaiger.es\/de\/ueber-uns\/","title":{"rendered":"\u00dcber Uns"},"content":{"rendered":"\t\t<div data-elementor-type=\"wp-page\" data-elementor-id=\"28244\" class=\"elementor elementor-28244 elementor-250\" data-elementor-post-type=\"page\">\n\t\t\t\t<div class=\"elementor-element elementor-element-7733361 e-flex e-con-boxed e-con e-parent\" data-id=\"7733361\" data-element_type=\"container\" data-settings=\"{&quot;background_background&quot;:&quot;classic&quot;}\">\n\t\t\t\t\t<div class=\"e-con-inner\">\n\t\t\t\t\t<\/div>\n\t\t\t\t<\/div>\n\t\t<div class=\"elementor-element elementor-element-4938247 e-flex e-con-boxed e-con e-parent\" data-id=\"4938247\" data-element_type=\"container\">\n\t\t\t\t\t<div class=\"e-con-inner\">\n\t\t<div class=\"elementor-element elementor-element-d4952f0 e-con-full e-flex e-con e-child\" data-id=\"d4952f0\" data-element_type=\"container\">\n\t\t\t\t<div class=\"elementor-element elementor-element-a558447 elementor-widget elementor-widget-image\" data-id=\"a558447\" data-element_type=\"widget\" data-widget_type=\"image.default\">\n\t\t\t\t<div class=\"elementor-widget-container\">\n\t\t\t\t\t\t\t\t\t\t\t\t\t\t\t<img fetchpriority=\"high\" decoding=\"async\" width=\"768\" height=\"512\" src=\"https:\/\/schwaiger.es\/wp-content\/uploads\/2025\/07\/0234_Schwaiger-768x512.jpg\" class=\"attachment-medium_large size-medium_large wp-image-26824\" alt=\"\" srcset=\"https:\/\/schwaiger.es\/wp-content\/uploads\/2025\/07\/0234_Schwaiger-768x512.jpg 768w, https:\/\/schwaiger.es\/wp-content\/uploads\/2025\/07\/0234_Schwaiger-300x200.jpg 300w, https:\/\/schwaiger.es\/wp-content\/uploads\/2025\/07\/0234_Schwaiger-1024x683.jpg 1024w, https:\/\/schwaiger.es\/wp-content\/uploads\/2025\/07\/0234_Schwaiger-150x100.jpg 150w, https:\/\/schwaiger.es\/wp-content\/uploads\/2025\/07\/0234_Schwaiger.jpg 1200w\" sizes=\"(max-width: 768px) 100vw, 768px\" \/>\t\t\t\t\t\t\t\t\t\t\t\t\t\t\t<\/div>\n\t\t\t\t<\/div>\n\t\t\t\t<\/div>\n\t\t<div class=\"elementor-element elementor-element-9d9267d e-con-full e-flex e-con e-child\" data-id=\"9d9267d\" data-element_type=\"container\">\n\t\t\t\t<div class=\"elementor-element elementor-element-bb77a04 elementor-widget elementor-widget-heading\" data-id=\"bb77a04\" data-element_type=\"widget\" data-widget_type=\"heading.default\">\n\t\t\t\t<div class=\"elementor-widget-container\">\n\t\t\t\t\t<h2 class=\"elementor-heading-title elementor-size-default\">Stefan <span>B<\/span>runner<\/h2>\t\t\t\t<\/div>\n\t\t\t\t<\/div>\n\t\t\t\t<div class=\"elementor-element elementor-element-114dfc5 elementor-widget elementor-widget-text-editor\" data-id=\"114dfc5\" data-element_type=\"widget\" data-widget_type=\"text-editor.default\">\n\t\t\t\t<div class=\"elementor-widget-container\">\n\t\t\t\t\t\t\t\t\t<p data-start=\"7341\" data-end=\"7713\">Stefan Brunner arbeitete in renommierten Restaurants in \u00d6sterreich, England und auf Mallorca und hat eine breite Laufbahn aufgebaut, die sich in seiner K\u00fcche widerspiegelt. Seine Gerichte verbinden eine kreative, zeitgem\u00e4\u00dfe Handschrift mit gelebter Tradition \u2013 zus\u00e4tzlich gepr\u00e4gt von den mitteleurop\u00e4ischen Einfl\u00fcssen seiner \u00f6sterreichischen Heimat.<\/p><p data-start=\"7715\" data-end=\"8052\">Nach zwei Jahren an der Seite von Cristina P\u00e9rez und Gerhard Schwaiger im historischen Restaurant Trist\u00e1n stie\u00df er von Anfang an zum Projekt Schwaiger Xino\u2019s. Heute z\u00e4hlt er zu den tragenden S\u00e4ulen des kulinarischen Angebots des Hauses und bringt seine Leidenschaft f\u00fcr die Kochkunst in mediterran inspirierten Kreationen zum Ausdruck.<\/p>\t\t\t\t\t\t\t\t<\/div>\n\t\t\t\t<\/div>\n\t\t\t\t<\/div>\n\t\t\t\t\t<\/div>\n\t\t\t\t<\/div>\n\t\t<div class=\"elementor-element elementor-element-b4fcb62 e-flex e-con-boxed e-con e-parent\" data-id=\"b4fcb62\" data-element_type=\"container\">\n\t\t\t\t\t<div class=\"e-con-inner\">\n\t\t<div class=\"elementor-element elementor-element-34d651b e-con-full e-flex e-con e-child\" data-id=\"34d651b\" data-element_type=\"container\">\n\t\t\t\t<div class=\"elementor-element elementor-element-3c18909 elementor-widget elementor-widget-heading\" data-id=\"3c18909\" data-element_type=\"widget\" data-widget_type=\"heading.default\">\n\t\t\t\t<div class=\"elementor-widget-container\">\n\t\t\t\t\t<h2 class=\"elementor-heading-title elementor-size-default\">Gerhard <span>Schwaiger<\/span><\/h2>\t\t\t\t<\/div>\n\t\t\t\t<\/div>\n\t\t\t\t<div class=\"elementor-element elementor-element-67e7f82 elementor-widget elementor-widget-text-editor\" data-id=\"67e7f82\" data-element_type=\"widget\" data-widget_type=\"text-editor.default\">\n\t\t\t\t<div class=\"elementor-widget-container\">\n\t\t\t\t\t\t\t\t\t<p data-start=\"5722\" data-end=\"6027\">Gerhard Schwaiger wurde in Memmingen, Deutschland, geboren. Neugierig und rastlos sammelte er Erfahrung in verschiedenen Spitzenrestaurants seines Heimatlandes, bevor er 1986 nach Mallorca kam, um die K\u00fcche des Restaurants Trist\u00e1n in Puerto Portals zu \u00fcbernehmen.<\/p><p data-start=\"6029\" data-end=\"6309\">Seine Kreativit\u00e4t und seine Konzepte setzten einen Wendepunkt in der Inselgastronomie. \u00dcber 20 Jahre wurde er vom Guide Michelin mit zwei Sternen ausgezeichnet \u2013 eine Anerkennung, die ihn als eine der respektiertesten Pers\u00f6nlichkeiten der internationalen K\u00fcchenszene etablierte.<\/p><p data-start=\"6311\" data-end=\"6551\">Heute steht er an der Spitze seines eigenen Restaurants, Schwaiger Xino\u2019s, und bietet den G\u00e4sten eine erneuerte K\u00fcchenphilosophie, in der Reinterpretationen seiner bekanntesten Gerichte neben neuen, mediterran gepr\u00e4gten Kreationen stehen.<\/p>\t\t\t\t\t\t\t\t<\/div>\n\t\t\t\t<\/div>\n\t\t\t\t<\/div>\n\t\t<div class=\"elementor-element elementor-element-5a075fa e-con-full e-flex e-con e-child\" data-id=\"5a075fa\" data-element_type=\"container\">\n\t\t\t\t<div class=\"elementor-element elementor-element-e39dd53 elementor-widget elementor-widget-image\" data-id=\"e39dd53\" data-element_type=\"widget\" data-widget_type=\"image.default\">\n\t\t\t\t<div class=\"elementor-widget-container\">\n\t\t\t\t\t\t\t\t\t\t\t\t\t\t\t<img decoding=\"async\" width=\"768\" height=\"425\" src=\"https:\/\/schwaiger.es\/wp-content\/uploads\/2025\/09\/Schwaiger-fotos-chef-Gerhard-23ago16-\u00a9-eventONE.es-01941-2-768x425.jpg\" class=\"attachment-medium_large size-medium_large wp-image-28171\" alt=\"\" srcset=\"https:\/\/schwaiger.es\/wp-content\/uploads\/2025\/09\/Schwaiger-fotos-chef-Gerhard-23ago16-\u00a9-eventONE.es-01941-2-768x425.jpg 768w, https:\/\/schwaiger.es\/wp-content\/uploads\/2025\/09\/Schwaiger-fotos-chef-Gerhard-23ago16-\u00a9-eventONE.es-01941-2-300x166.jpg 300w, https:\/\/schwaiger.es\/wp-content\/uploads\/2025\/09\/Schwaiger-fotos-chef-Gerhard-23ago16-\u00a9-eventONE.es-01941-2-1024x567.jpg 1024w, https:\/\/schwaiger.es\/wp-content\/uploads\/2025\/09\/Schwaiger-fotos-chef-Gerhard-23ago16-\u00a9-eventONE.es-01941-2-150x83.jpg 150w, https:\/\/schwaiger.es\/wp-content\/uploads\/2025\/09\/Schwaiger-fotos-chef-Gerhard-23ago16-\u00a9-eventONE.es-01941-2-1536x850.jpg 1536w, https:\/\/schwaiger.es\/wp-content\/uploads\/2025\/09\/Schwaiger-fotos-chef-Gerhard-23ago16-\u00a9-eventONE.es-01941-2-2048x1134.jpg 2048w\" sizes=\"(max-width: 768px) 100vw, 768px\" \/>\t\t\t\t\t\t\t\t\t\t\t\t\t\t\t<\/div>\n\t\t\t\t<\/div>\n\t\t\t\t<\/div>\n\t\t\t\t\t<\/div>\n\t\t\t\t<\/div>\n\t\t<div class=\"elementor-element elementor-element-7e3f68b e-flex e-con-boxed e-con e-parent\" data-id=\"7e3f68b\" data-element_type=\"container\">\n\t\t\t\t\t<div class=\"e-con-inner\">\n\t\t<div class=\"elementor-element elementor-element-9cad855 e-con-full e-flex e-con e-child\" data-id=\"9cad855\" data-element_type=\"container\">\n\t\t\t\t<div class=\"elementor-element elementor-element-fb673ad elementor-widget elementor-widget-image\" data-id=\"fb673ad\" data-element_type=\"widget\" data-widget_type=\"image.default\">\n\t\t\t\t<div class=\"elementor-widget-container\">\n\t\t\t\t\t\t\t\t\t\t\t\t\t\t\t<img decoding=\"async\" width=\"768\" height=\"512\" src=\"https:\/\/schwaiger.es\/wp-content\/uploads\/2025\/07\/0245_Schwaiger-768x512.jpg\" class=\"attachment-medium_large size-medium_large wp-image-27352\" alt=\"\" srcset=\"https:\/\/schwaiger.es\/wp-content\/uploads\/2025\/07\/0245_Schwaiger-768x512.jpg 768w, https:\/\/schwaiger.es\/wp-content\/uploads\/2025\/07\/0245_Schwaiger-300x200.jpg 300w, https:\/\/schwaiger.es\/wp-content\/uploads\/2025\/07\/0245_Schwaiger-1024x683.jpg 1024w, https:\/\/schwaiger.es\/wp-content\/uploads\/2025\/07\/0245_Schwaiger-150x100.jpg 150w, https:\/\/schwaiger.es\/wp-content\/uploads\/2025\/07\/0245_Schwaiger.jpg 1200w\" sizes=\"(max-width: 768px) 100vw, 768px\" \/>\t\t\t\t\t\t\t\t\t\t\t\t\t\t\t<\/div>\n\t\t\t\t<\/div>\n\t\t\t\t<\/div>\n\t\t<div class=\"elementor-element elementor-element-0f0c62a e-con-full e-flex e-con e-child\" data-id=\"0f0c62a\" data-element_type=\"container\">\n\t\t\t\t<div class=\"elementor-element elementor-element-3bab729 elementor-widget elementor-widget-heading\" data-id=\"3bab729\" data-element_type=\"widget\" data-widget_type=\"heading.default\">\n\t\t\t\t<div class=\"elementor-widget-container\">\n\t\t\t\t\t<h2 class=\"elementor-heading-title elementor-size-default\">Florian <span>Mittelsdorf<\/span><\/h2>\t\t\t\t<\/div>\n\t\t\t\t<\/div>\n\t\t\t\t<div class=\"elementor-element elementor-element-0ab7e27 elementor-widget elementor-widget-text-editor\" data-id=\"0ab7e27\" data-element_type=\"widget\" data-widget_type=\"text-editor.default\">\n\t\t\t\t<div class=\"elementor-widget-container\">\n\t\t\t\t\t\t\t\t\t<p data-start=\"8054\" data-end=\"8387\">Florian begann 2006 in Restaurants mit traditioneller und klassisch franz\u00f6sischer K\u00fcche. Mit der Zeit entdeckte er seine Leidenschaft f\u00fcr die P\u00e2tisserie \u2013 den Ort, an dem er das Gleichgewicht zwischen Technik, Innovation und Kreativit\u00e4t fand und klassische Zubereitungen mit eigener Handschrift verbindet.<\/p><p data-start=\"8389\" data-end=\"8771\" data-is-last-node=\"\" data-is-only-node=\"\">2015 kam er nach Mallorca und traf im Restaurant Trist\u00e1n erstmals auf Stefan Brunner, was sein Interesse an der spanischen und mediterranen K\u00fcche weckte. Seitdem arbeitete er in verschiedenen K\u00fcchen der Insel mit unterschiedlichen Stilen und Konzepten, bevor er an Stefans Seite zu Schwaiger Xino\u2019s zur\u00fcckkehrte \u2013 wo er seine Erfahrung und pers\u00f6nliche kulinarische Vision einbringt.<\/p>\t\t\t\t\t\t\t\t<\/div>\n\t\t\t\t<\/div>\n\t\t\t\t<\/div>\n\t\t\t\t\t<\/div>\n\t\t\t\t<\/div>\n\t\t<div class=\"elementor-element elementor-element-49ac102 e-flex e-con-boxed e-con e-parent\" data-id=\"49ac102\" data-element_type=\"container\">\n\t\t\t\t\t<div class=\"e-con-inner\">\n\t\t<div class=\"elementor-element elementor-element-6e91948 e-con-full e-flex e-con e-child\" data-id=\"6e91948\" data-element_type=\"container\">\n\t\t\t\t<div class=\"elementor-element elementor-element-217fa67 elementor-widget elementor-widget-heading\" data-id=\"217fa67\" data-element_type=\"widget\" data-widget_type=\"heading.default\">\n\t\t\t\t<div class=\"elementor-widget-container\">\n\t\t\t\t\t<h2 class=\"elementor-heading-title elementor-size-default\">Cristina <span>P\u00e9rez<\/span> Pa\u00edno<\/h2>\t\t\t\t<\/div>\n\t\t\t\t<\/div>\n\t\t\t\t<div class=\"elementor-element elementor-element-6c60ca2 elementor-widget elementor-widget-text-editor\" data-id=\"6c60ca2\" data-element_type=\"widget\" data-widget_type=\"text-editor.default\">\n\t\t\t\t<div class=\"elementor-widget-container\">\n\t\t\t\t\t\t\t\t\t<p data-start=\"6553\" data-end=\"6769\">Cristina P\u00e9rez kam mit Schwaiger nach Mallorca und arbeitete acht Jahre an seiner Seite. Anschlie\u00dfend wechselte sie nach Deutschland ins Tantris, ein Restaurant mit zwei Michelin-Sternen.<\/p><p data-start=\"6771\" data-end=\"7087\">Nach ihrer R\u00fcckkehr auf die Insel war sie als Sommeli\u00e8re und Ma\u00eetre d\u2019 im Trist\u00e1n t\u00e4tig, bevor sie ihre Laufbahn in der Hotellerie als F&amp;B-Managerin fortsetzte. 2007 heuerte sie auf einer Luxusyacht an und reiste als Chief Steward durch die s\u00fcdlichen Meere \u2013 mit exklusivem Service f\u00fcr die anspruchsvollsten G\u00e4ste.<\/p><p data-start=\"7089\" data-end=\"7339\">Zwei Jahre sp\u00e4ter kehrte sie nach Mallorca zur\u00fcck und fand zu ihren Wurzeln. Seither leitet sie gemeinsam mit Chef Schwaiger das Projekt Schwaiger Xino\u2019s \u2013 mit Erfahrung, Engagement und einer konsequent g\u00e4steorientierten Auffassung von Gastronomie.<\/p>\t\t\t\t\t\t\t\t<\/div>\n\t\t\t\t<\/div>\n\t\t\t\t<\/div>\n\t\t<div class=\"elementor-element elementor-element-3f0ece7 e-con-full e-flex e-con e-child\" data-id=\"3f0ece7\" data-element_type=\"container\">\n\t\t\t\t<div class=\"elementor-element elementor-element-12f4e2c elementor-widget elementor-widget-image\" data-id=\"12f4e2c\" data-element_type=\"widget\" data-widget_type=\"image.default\">\n\t\t\t\t<div class=\"elementor-widget-container\">\n\t\t\t\t\t\t\t\t\t\t\t\t\t\t\t<img loading=\"lazy\" decoding=\"async\" width=\"768\" height=\"512\" src=\"https:\/\/schwaiger.es\/wp-content\/uploads\/2025\/07\/0242_Schwaiger-768x512.jpg\" class=\"attachment-medium_large size-medium_large wp-image-27568\" alt=\"\" srcset=\"https:\/\/schwaiger.es\/wp-content\/uploads\/2025\/07\/0242_Schwaiger-768x512.jpg 768w, https:\/\/schwaiger.es\/wp-content\/uploads\/2025\/07\/0242_Schwaiger-300x200.jpg 300w, https:\/\/schwaiger.es\/wp-content\/uploads\/2025\/07\/0242_Schwaiger-1024x683.jpg 1024w, https:\/\/schwaiger.es\/wp-content\/uploads\/2025\/07\/0242_Schwaiger-150x100.jpg 150w, https:\/\/schwaiger.es\/wp-content\/uploads\/2025\/07\/0242_Schwaiger.jpg 1200w\" sizes=\"(max-width: 768px) 100vw, 768px\" \/>\t\t\t\t\t\t\t\t\t\t\t\t\t\t\t<\/div>\n\t\t\t\t<\/div>\n\t\t\t\t<\/div>\n\t\t\t\t\t<\/div>\n\t\t\t\t<\/div>\n\t\t\t\t<\/div>\n\t\t","protected":false},"excerpt":{"rendered":"<p>Stefan Brunner Stefan Brunner arbeitete in renommierten Restaurants in \u00d6sterreich, England und auf Mallorca und hat eine breite Laufbahn aufgebaut, die sich in seiner K\u00fcche widerspiegelt. Seine Gerichte verbinden eine kreative, zeitgem\u00e4\u00dfe Handschrift mit gelebter Tradition \u2013 zus\u00e4tzlich gepr\u00e4gt von den mitteleurop\u00e4ischen Einfl\u00fcssen seiner \u00f6sterreichischen Heimat. Nach zwei Jahren an der Seite von Cristina P\u00e9rez [&hellip;]<\/p>\n","protected":false},"author":9,"featured_media":0,"parent":0,"menu_order":0,"comment_status":"closed","ping_status":"closed","template":"","meta":{"footnotes":""},"class_list":["post-28244","page","type-page","status-publish","hentry"],"_links":{"self":[{"href":"https:\/\/schwaiger.es\/de\/wp-json\/wp\/v2\/pages\/28244","targetHints":{"allow":["GET"]}}],"collection":[{"href":"https:\/\/schwaiger.es\/de\/wp-json\/wp\/v2\/pages"}],"about":[{"href":"https:\/\/schwaiger.es\/de\/wp-json\/wp\/v2\/types\/page"}],"author":[{"embeddable":true,"href":"https:\/\/schwaiger.es\/de\/wp-json\/wp\/v2\/users\/9"}],"replies":[{"embeddable":true,"href":"https:\/\/schwaiger.es\/de\/wp-json\/wp\/v2\/comments?post=28244"}],"version-history":[{"count":13,"href":"https:\/\/schwaiger.es\/de\/wp-json\/wp\/v2\/pages\/28244\/revisions"}],"predecessor-version":[{"id":28450,"href":"https:\/\/schwaiger.es\/de\/wp-json\/wp\/v2\/pages\/28244\/revisions\/28450"}],"wp:attachment":[{"href":"https:\/\/schwaiger.es\/de\/wp-json\/wp\/v2\/media?parent=28244"}],"curies":[{"name":"wp","href":"https:\/\/api.w.org\/{rel}","templated":true}]}}